{"id":3,"date":"2021-03-31T16:20:58","date_gmt":"2021-03-31T14:20:58","guid":{"rendered":"http:\/\/demo.hoteltramontano.com\/demo8\/?page_id=3"},"modified":"2023-04-15T15:54:08","modified_gmt":"2023-04-15T13:54:08","slug":"privacy","status":"publish","type":"page","link":"https:\/\/www.hoteliaccarino.it\/ru\/privacy\/","title":{"rendered":"Privacy Policy"},"content":{"rendered":"\t\t<div data-elementor-type=\"wp-page\" data-elementor-id=\"3\" class=\"elementor elementor-3\" data-elementor-settings=\"[]\">\n\t\t\t\t\t\t\t<div class=\"elementor-section-wrap\">\n\t\t\t\t\t\t\t<section class=\"elementor-section elementor-top-section elementor-element elementor-element-51f868d7 elementor-section-boxed elementor-section-height-default elementor-section-height-default\" data-id=\"51f868d7\" data-element_type=\"section\" data-settings=\"{&quot;hoteller_ext_is_background_parallax&quot;:&quot;false&quot;,&quot;hoteller_ext_is_background_on_scroll&quot;:&quot;false&quot;}\">\n\t\t\t\t\t\t<div class=\"elementor-container elementor-column-gap-default\">\n\t\t\t\t\t<div class=\"elementor-column elementor-col-100 elementor-top-column elementor-element elementor-element-4813269\" data-id=\"4813269\" data-element_type=\"column\" data-settings=\"{&quot;hoteller_ext_is_scrollme&quot;:&quot;false&quot;,&quot;hoteller_ext_is_smoove&quot;:&quot;false&quot;,&quot;hoteller_ext_is_parallax_mouse&quot;:&quot;false&quot;,&quot;hoteller_ext_is_infinite&quot;:&quot;false&quot;,&quot;hoteller_ext_is_fadeout_animation&quot;:&quot;false&quot;}\">\n\t\t\t<div class=\"elementor-widget-wrap elementor-element-populated\">\n\t\t\t\t\t\t\t\t<div class=\"elementor-element elementor-element-147a0066 elementor-widget elementor-widget-text-editor\" data-id=\"147a0066\" data-element_type=\"widget\" data-settings=\"{&quot;hoteller_ext_is_scrollme&quot;:&quot;false&quot;,&quot;hoteller_ext_is_smoove&quot;:&quot;false&quot;,&quot;hoteller_ext_is_parallax_mouse&quot;:&quot;false&quot;,&quot;hoteller_ext_is_infinite&quot;:&quot;false&quot;,&quot;hoteller_ext_is_fadeout_animation&quot;:&quot;false&quot;}\" data-widget_type=\"text-editor.default\">\n\t\t\t\t<div class=\"elementor-widget-container\">\n\t\t\t\t\t\t\t<h3>Privacy Policy &#8211; Informativa agli utenti\/visitatori del sito sul trattamento dei dati personali<\/h3>\n<div class=\"uk-panel\"><h3 class=\"uk-panel-title\">Privacy<\/h3>\n\t<p style=\"text-align: justify;\"><strong><span style=\"color: #800000;\">Trattamento dati personali <\/span><\/strong><br><br> Gentile Cliente,<br> desideriamo informarLa ai sensi dell&#8217;art. 13 D. Lgs. 196\/03 (Codice della Privacy) che al fine di raccogliere la Sua prenotazione ed inviarLe conferma si rende necessario trattare i dati personali Suoi e dei Suoi familiari con l&#8217;ausilio di mezzi elettronici.<br><br> Pertanto dovr\u00e0 fornirci i dati strettamente necessari ad effettuare la tali operazioni.<br><br> Tale conferimento ha natura facoltativa, ma il Suo rifiuto al conferimento di tali dati non ci consentir\u00e0 di accettare la prenotazione.<br><br> I dati da Lei forniti potranno essere comunicati esclusivamente ai nostri dipendenti in qualit\u00e0 di incaricati del trattamento e non saranno mai oggetto di diffusione. <br><br> La informiamo che il trattamento dei dati verr\u00e0 effettuato nel pieno rispetto della succitata normativa e che Lei, in qualsiasi momento, potr\u00e0 esercitare i diritti previsti dall&#8217;art. 7 del Codice della Privacy, di seguito elencati, secondo le modalit\u00e0 di cui agli artt. 8 e 9 del codice stesso, che potr\u00e0 consultare direttamente sul sito del garante, (www.garanteprivacy.it). Per qualsiasi ulteriore informazione potr\u00e0 rivolgersi al Sig.ra Natalina Jaccarino quale responsabile per il riscontro delle richieste dell&#8217;Interessato ai sensi dell&#8217;art. 7 D. Lgs. n. 196\/03 (info@hoteliaccarino.it +39 081 8780012).<br><br><span style=\"color: #800000;\"><strong> Art. 7 D. Lgs. 196\/03 &#8211; Diritto di accesso ai dati personali ed altri diritti<\/strong><\/span><br><br> 1 . L &#8216;interessato ha diritto di ottenere la conferma dell&#8217;esistenza o meno di dati personali che lo riguardano, anche se non ancora registrati, e la loro comunicazione in forma intelligibile.<br><br> 2. L &#8216;interessato ha diritto di ottenere l&#8217;indicazione: a) dell&#8217;origine dei dati personali; b) delle finalit\u00e0 e modalit\u00e0 del trattamento; c) della logica applicata in caso di trattamento effettuato con l&#8217;ausilio di strumenti elettronici; d) degli estremi identificativi del titolare, dei responsabili e del rappresentante designato ai sensi dell&#8217;articolo 5, comma 2; e) dei soggetti o delle categorie di soggetti ai quali i dati personali possono essere comunicati o che possono venirne a conoscenza in qualit\u00e0 di rappresentante designato nel territorio dello Stato, di responsabili o incaricati.<br><br> 3. L &#8216;interessato ha diritto di ottenere: a) l&#8217;aggiornamento, la rettificazione ovvero, quando vi ha interesse, l&#8217;integrazione dei dati; b) la cancellazione, la trasformazione in forma anonima o il blocco dei dati trattati in violazione di legge, compresi quelli di cui non \u00e8 necessaria la conservazione in relazione agli scopi per i quali i dati sono stati raccolti o successivamente trattati; c) l&#8217;attestazione che le operazioni di cui alle lettere a) e b) sono state portate a conoscenza, anche per quanto riguarda il loro contenuto, di coloro ai quali i dati sono stati comunicati o diffusi, eccettuato il caso in cui tale adempimento si rivela impossibile o comporta un impiego di mezzi manifestamente sproporzionato rispetto al diritto tutelato.<br><br> 4. L &#8216;interessato ha diritto di opporsi, in tutto o in parte: a) per motivi legittimi al trattamento dei dati personali che lo riguardano, ancorch\u00e9 pertinenti allo scopo della raccolta; b) al trattamento di dati personali che lo riguardano a fini di invio di materiale pubblicitario o di vendita diretta o per il compimento di ricerche di mercato o di comunicazione commerciale.<br><br> La informiamo inoltre che qualora all&#8217;atto della prenotazione, per esigenze attinenti lo stato di salute Suo o dei Suoi familiari (quali ad esempio l&#8217;esistenza di handicap motori che richiedano una particolare collocazione in albergo ovvero la richiesta di predisposizione di menu particolari collegate alla esistenza di allergie o altre patologie), Lei dovesse fornirci dati sensibili, dovr\u00e0 inviarci, a mezzo fax , una lettera di consenso al trattamento dei dati sensibili sottoscritta dal soggetto dei cui dati si tratta , accompagnata dalla fotocopia di un documento d&#8217;identit\u00e0.<\/p>\n<p style=\"text-align: justify;\">&nbsp;<\/p>\n<h2>INFORMATIVA SUI COOKIE<\/h2>\n<h2>Cosa sono i cookie?<\/h2>\n<p>Un cookie \u00e8 un piccolo file di testo inviato al tuo browser da un sito web che stai visitando e che consente di memorizzare informazioni sulla tua visita.<\/p>\n<h2>A cosa servono?<\/h2>\n<p>Esistono tipologie differenti di cookie e, in generale, servono per garantire il corretto funzionamento del sito e dei servizi presenti, per monitorare l&#8217;attivit\u00e0 degli utenti e per misurare le prestazioni del sito.<\/p>\n<h2>Che tipo di cookie utilizziamo ?<\/h2>\n<table cellspacing=\"0\">\n<tbody>\n<tr>\n<td style=\"padding: 6px; border-bottom: 1px solid #666;\">&nbsp;<\/td>\n<td style=\"padding: 6px; border-bottom: 1px solid #666; border-left: 1px solid #666;\">\n<h2>Caratteristiche e tecnologie utilizzate<\/h2>\n<\/td>\n<td style=\"padding: 6px; border-bottom: 1px solid #666; border-left: 1px solid #666;\">\n<h2>Propriet\u00e0<\/h2>\n<\/td>\n<td style=\"padding: 6px; border-bottom: 1px solid #666; border-left: 1px solid #666;\">\n<h2>Nome e Durata<\/h2>\n<\/td>\n<\/tr>\n<tr>\n<td style=\"padding: 6px; border-bottom: 1px solid #666;\">\n<h2>Cookie tecnici o di processo<\/h2>\n<\/td>\n<td style=\"padding: 6px; border-bottom: 1px solid #666; border-left: 1px solid #666;\">\n<p>Necessari per il corretto funzionamento del sito che stai visitando.<br>Senza questo tipo di cookie non potresti utilizzare i servizi presenti nel sito hoteliaccarino.it o loggarti nella tua Area Amministrativa.<br>Questa tipologia di cookie non raccoglie informazioni utilizzabili a fini commerciali.<\/p>\n<\/td>\n<td style=\"padding: 6px; border-bottom: 1px solid #666; border-left: 1px solid #666;\">\n<p>Prima parte (hoteliaccarino.it)<\/p>\n<\/td>\n<td style=\"padding: 6px; border-bottom: 1px solid #666; border-left: 1px solid #666;\">\n<p>cookie-law: durata 1 anno<br> meteo: durata 1 anno<\/p>\n<\/td>\n<\/tr>\n<tr>\n<td style=\"padding: 6px;\">\n<h2>Cookie di tracciamento (analytics)<\/h2>\n<\/td>\n<td style=\"padding: 6px; border-left: 1px solid #666;\">\n<p>Raccolgono, in forma anonima, informazioni sulla navigazione degli utenti e vengono utilizzati per calcolare e migliorare le prestazioni del sito.<br> Permettono al sito web di memorizzare le scelte fatte dall&#8217;utente e personalizzare i contenuti in base alla navigazione all&#8217;interno del sito.<\/p>\n<p style=\"font-size: 1em;\"><em>I software potrebbero erogare anche cookie permanenti<\/em><\/p>\n<\/td>\n<td style=\"padding: 6px; border-left: 1px solid #666;\">\n<p>Terza parte (Google Analytics)<\/p>\n<\/td>\n<td style=\"padding: 6px; border-left: 1px solid #666;\">\n<p>_ga: durata 2 anni<br> _gat: durata 10 minuti<\/p>\n<p style=\"font-size: 1em;\"><em>I software potrebbero erogare anche cookie permanenti<\/em><\/p>\n<\/td>\n<\/tr>\n<\/tbody>\n<\/table>\n<p>&nbsp;<\/p>\n<h2>Come disabilitare i cookie?<\/h2>\n<p>Puoi disabilitare i cookie dal men\u00f9 impostazioni del tuo browser.<\/p>\n<p>Tieni presente che, una volta disabilitati, il sito hoteliaccarino.it potrebbe non funzionare correttamente (ad esempio non potrai loggarti in una eventuale Area Clienti o accedere ad altri applicativi presenti nel sito).<br> Per avere maggiori informazioni su come configurare i cookie puoi andare nel men\u00f9 <em>Help<\/em> o nella sezione dedicata alla <em>Privacy<\/em> del tuo browser.<\/p>\n<p style=\"text-align: justify;\"><br><br> <strong>Direzione Generale<\/strong><br><strong> Dott. Costanzo Iaccarino<\/strong><\/p><\/div>\n\t\t\t\t\t\t<\/div>\n\t\t\t\t<\/div>\n\t\t\t\t\t<\/div>\n\t\t<\/div>\n\t\t\t\t\t\t\t<\/div>\n\t\t<\/section>\n\t\t\t\t\t\t<\/div>\n\t\t\t\t\t<\/div>\n\t\t","protected":false},"excerpt":{"rendered":"<p>Privacy Policy &#8211; Informativa agli utenti\/visitatori del sito sul trattamento dei dati personali Privacy Trattamento dati personali Gentile Cliente, desideriamo informarLa ai sensi dell&#8217;art. 13 D. Lgs. 196\/03 (Codice della Privacy) che al fine di raccogliere la Sua prenotazione ed [&hellip;]<\/p>\n","protected":false},"author":1,"featured_media":0,"parent":0,"menu_order":0,"comment_status":"closed","ping_status":"open","template":"","meta":{"footnotes":""},"class_list":["post-3","page","type-page","status-publish","hentry"],"yoast_head":"<!-- This site is optimized with the Yoast SEO plugin v25.0 - https:\/\/yoast.com\/wordpress\/plugins\/seo\/ -->\n<title>Privacy Hotel Sant&#039;Agata Sui Due Golfi | Hotel Jaccarino | Hotel 4 stelle<\/title>\n<meta name=\"description\" content=\"Privacy Hotel Sant&#039;Agata Sui Due Golfi | Hotel Jaccarino. Gestiamo il trattamento dei dati personali nel rispetto delle norme.\" \/>\n<meta name=\"robots\" content=\"index, follow, max-snippet:-1, max-image-preview:large, max-video-preview:-1\" \/>\n<link rel=\"canonical\" href=\"https:\/\/www.hoteliaccarino.it\/ru\/privacy\/\" \/>\n<meta property=\"og:locale\" content=\"it_IT\" \/>\n<meta property=\"og:type\" content=\"article\" \/>\n<meta property=\"og:title\" content=\"Privacy Hotel Sant&#039;Agata Sui Due Golfi | Hotel Jaccarino | Hotel 4 stelle\" \/>\n<meta property=\"og:description\" content=\"Privacy Hotel Sant&#039;Agata Sui Due Golfi | Hotel Jaccarino. Gestiamo il trattamento dei dati personali nel rispetto delle norme.\" \/>\n<meta property=\"og:url\" content=\"https:\/\/www.hoteliaccarino.it\/ru\/privacy\/\" \/>\n<meta property=\"og:site_name\" content=\"Hotel Iaccarino\" \/>\n<meta property=\"article:modified_time\" content=\"2023-04-15T13:54:08+00:00\" \/>\n<meta name=\"twitter:card\" content=\"summary_large_image\" \/>\n<meta name=\"twitter:label1\" content=\"Tempo di lettura stimato\" \/>\n\t<meta name=\"twitter:data1\" content=\"4 minuti\" \/>\n<script type=\"application\/ld+json\" class=\"yoast-schema-graph\">{\"@context\":\"https:\/\/schema.org\",\"@graph\":[{\"@type\":\"WebPage\",\"@id\":\"https:\/\/www.hoteliaccarino.it\/ru\/privacy\/\",\"url\":\"https:\/\/www.hoteliaccarino.it\/ru\/privacy\/\",\"name\":\"Privacy Hotel Sant'Agata Sui Due Golfi | Hotel Jaccarino | Hotel 4 stelle\",\"isPartOf\":{\"@id\":\"https:\/\/www.hoteljaccarino.com\/ru\/#website\"},\"datePublished\":\"2021-03-31T14:20:58+00:00\",\"dateModified\":\"2023-04-15T13:54:08+00:00\",\"description\":\"Privacy Hotel Sant'Agata Sui Due Golfi | Hotel Jaccarino. Gestiamo il trattamento dei dati personali nel rispetto delle norme.\",\"breadcrumb\":{\"@id\":\"https:\/\/www.hoteliaccarino.it\/ru\/privacy\/#breadcrumb\"},\"inLanguage\":\"it-IT\",\"potentialAction\":[{\"@type\":\"ReadAction\",\"target\":[\"https:\/\/www.hoteliaccarino.it\/ru\/privacy\/\"]}]},{\"@type\":\"BreadcrumbList\",\"@id\":\"https:\/\/www.hoteliaccarino.it\/ru\/privacy\/#breadcrumb\",\"itemListElement\":[{\"@type\":\"ListItem\",\"position\":1,\"name\":\"Home\",\"item\":\"https:\/\/www.hoteliaccarino.it\/it\/\"},{\"@type\":\"ListItem\",\"position\":2,\"name\":\"Privacy Policy\"}]},{\"@type\":\"WebSite\",\"@id\":\"https:\/\/www.hoteljaccarino.com\/ru\/#website\",\"url\":\"https:\/\/www.hoteljaccarino.com\/ru\/\",\"name\":\"Hotel Iaccarino\",\"description\":\"Hotel a Sorrento\",\"potentialAction\":[{\"@type\":\"SearchAction\",\"target\":{\"@type\":\"EntryPoint\",\"urlTemplate\":\"https:\/\/www.hoteljaccarino.com\/ru\/?s={search_term_string}\"},\"query-input\":{\"@type\":\"PropertyValueSpecification\",\"valueRequired\":true,\"valueName\":\"search_term_string\"}}],\"inLanguage\":\"it-IT\"}]}<\/script>\n<!-- \/ Yoast SEO plugin. -->","yoast_head_json":{"title":"Privacy Hotel Sant'Agata Sui Due Golfi | Hotel Jaccarino | Hotel 4 stelle","description":"Privacy Hotel Sant'Agata Sui Due Golfi | Hotel Jaccarino. Gestiamo il trattamento dei dati personali nel rispetto delle norme.","robots":{"index":"index","follow":"follow","max-snippet":"max-snippet:-1","max-image-preview":"max-image-preview:large","max-video-preview":"max-video-preview:-1"},"canonical":"https:\/\/www.hoteliaccarino.it\/ru\/privacy\/","og_locale":"it_IT","og_type":"article","og_title":"Privacy Hotel Sant'Agata Sui Due Golfi | Hotel Jaccarino | Hotel 4 stelle","og_description":"Privacy Hotel Sant'Agata Sui Due Golfi | Hotel Jaccarino. Gestiamo il trattamento dei dati personali nel rispetto delle norme.","og_url":"https:\/\/www.hoteliaccarino.it\/ru\/privacy\/","og_site_name":"Hotel Iaccarino","article_modified_time":"2023-04-15T13:54:08+00:00","twitter_card":"summary_large_image","twitter_misc":{"Tempo di lettura stimato":"4 minuti"},"schema":{"@context":"https:\/\/schema.org","@graph":[{"@type":"WebPage","@id":"https:\/\/www.hoteliaccarino.it\/ru\/privacy\/","url":"https:\/\/www.hoteliaccarino.it\/ru\/privacy\/","name":"Privacy Hotel Sant'Agata Sui Due Golfi | Hotel Jaccarino | Hotel 4 stelle","isPartOf":{"@id":"https:\/\/www.hoteljaccarino.com\/ru\/#website"},"datePublished":"2021-03-31T14:20:58+00:00","dateModified":"2023-04-15T13:54:08+00:00","description":"Privacy Hotel Sant'Agata Sui Due Golfi | Hotel Jaccarino. Gestiamo il trattamento dei dati personali nel rispetto delle norme.","breadcrumb":{"@id":"https:\/\/www.hoteliaccarino.it\/ru\/privacy\/#breadcrumb"},"inLanguage":"it-IT","potentialAction":[{"@type":"ReadAction","target":["https:\/\/www.hoteliaccarino.it\/ru\/privacy\/"]}]},{"@type":"BreadcrumbList","@id":"https:\/\/www.hoteliaccarino.it\/ru\/privacy\/#breadcrumb","itemListElement":[{"@type":"ListItem","position":1,"name":"Home","item":"https:\/\/www.hoteliaccarino.it\/it\/"},{"@type":"ListItem","position":2,"name":"Privacy Policy"}]},{"@type":"WebSite","@id":"https:\/\/www.hoteljaccarino.com\/ru\/#website","url":"https:\/\/www.hoteljaccarino.com\/ru\/","name":"Hotel Iaccarino","description":"Hotel a Sorrento","potentialAction":[{"@type":"SearchAction","target":{"@type":"EntryPoint","urlTemplate":"https:\/\/www.hoteljaccarino.com\/ru\/?s={search_term_string}"},"query-input":{"@type":"PropertyValueSpecification","valueRequired":true,"valueName":"search_term_string"}}],"inLanguage":"it-IT"}]}},"_links":{"self":[{"href":"https:\/\/www.hoteljaccarino.com\/ru\/wp-json\/wp\/v2\/pages\/3","targetHints":{"allow":["GET"]}}],"collection":[{"href":"https:\/\/www.hoteljaccarino.com\/ru\/wp-json\/wp\/v2\/pages"}],"about":[{"href":"https:\/\/www.hoteljaccarino.com\/ru\/wp-json\/wp\/v2\/types\/page"}],"author":[{"embeddable":true,"href":"https:\/\/www.hoteljaccarino.com\/ru\/wp-json\/wp\/v2\/users\/1"}],"replies":[{"embeddable":true,"href":"https:\/\/www.hoteljaccarino.com\/ru\/wp-json\/wp\/v2\/comments?post=3"}],"version-history":[{"count":10,"href":"https:\/\/www.hoteljaccarino.com\/ru\/wp-json\/wp\/v2\/pages\/3\/revisions"}],"predecessor-version":[{"id":8136,"href":"https:\/\/www.hoteljaccarino.com\/ru\/wp-json\/wp\/v2\/pages\/3\/revisions\/8136"}],"wp:attachment":[{"href":"https:\/\/www.hoteljaccarino.com\/ru\/wp-json\/wp\/v2\/media?parent=3"}],"curies":[{"name":"wp","href":"https:\/\/api.w.org\/{rel}","templated":true}]}}